{"id":29,"date":"2019-05-17T16:49:10","date_gmt":"2019-05-17T14:49:10","guid":{"rendered":"http:\/\/dziewiatafala.pl\/?page_id=29"},"modified":"2020-05-26T09:00:30","modified_gmt":"2020-05-26T07:00:30","slug":"dokumenty","status":"publish","type":"page","link":"https:\/\/dziewiatafala.pl\/?page_id=29","title":{"rendered":"Dokumenty"},"content":{"rendered":"\t\t<div data-elementor-type=\"wp-post\" data-elementor-id=\"29\" class=\"elementor elementor-29\">\n\t\t\t\t\t\t<section class=\"elementor-section elementor-top-section elementor-element elementor-element-8d54f36 elementor-section-boxed elementor-section-height-default elementor-section-height-default\" data-id=\"8d54f36\" data-element_type=\"section\">\n\t\t\t\t\t\t<div class=\"elementor-container elementor-column-gap-default\">\n\t\t\t\t\t<div class=\"elementor-column elementor-col-100 elementor-top-column elementor-element elementor-element-c2bdc3b\" data-id=\"c2bdc3b\" data-element_type=\"column\">\n\t\t\t<div class=\"elementor-widget-wrap elementor-element-populated\">\n\t\t\t\t\t\t<div class=\"elementor-element elementor-element-1a7b2ca animated-slow elementor-invisible elementor-widget elementor-widget-text-editor\" data-id=\"1a7b2ca\" data-element_type=\"widget\" data-settings=\"{&quot;_animation&quot;:&quot;fadeInLeft&quot;}\" data-widget_type=\"text-editor.default\">\n\t\t\t\t<div class=\"elementor-widget-container\">\n\t\t\t\t\t\t\t\t\t<h3><a href=\"https:\/\/dziewiatafala.pl\/wp-content\/uploads\/2020\/02\/karta-zg\u0142oszenia-na-ob\u00f3z.pdf\">karta zg\u0142oszenia na ob\u00f3z<\/a><\/h3>\t\t\t\t\t\t\t\t<\/div>\n\t\t\t\t<\/div>\n\t\t\t\t\t<\/div>\n\t\t<\/div>\n\t\t\t\t\t<\/div>\n\t\t<\/section>\n\t\t\t\t<section class=\"elementor-section elementor-top-section elementor-element elementor-element-54960ea elementor-section-boxed elementor-section-height-default elementor-section-height-default\" data-id=\"54960ea\" data-element_type=\"section\">\n\t\t\t\t\t\t<div class=\"elementor-container elementor-column-gap-default\">\n\t\t\t\t\t<div class=\"elementor-column elementor-col-100 elementor-top-column elementor-element elementor-element-49b3844\" data-id=\"49b3844\" data-element_type=\"column\">\n\t\t\t<div class=\"elementor-widget-wrap elementor-element-populated\">\n\t\t\t\t\t\t<div class=\"elementor-element elementor-element-56d4589 animated-slow elementor-drop-cap-yes elementor-hidden-desktop elementor-hidden-tablet elementor-hidden-phone elementor-drop-cap-view-default elementor-invisible elementor-widget elementor-widget-text-editor\" data-id=\"56d4589\" data-element_type=\"widget\" data-settings=\"{&quot;_animation&quot;:&quot;fadeInLeft&quot;,&quot;drop_cap&quot;:&quot;yes&quot;}\" data-widget_type=\"text-editor.default\">\n\t\t\t\t<div class=\"elementor-widget-container\">\n\t\t\t\t\t\t\t\t\t<h3><a href=\"https:\/\/dziewiatafala.pl\/wp-content\/uploads\/2020\/02\/Obozy-w-Boszkowie-2020.pdf\">Obozy w Boszkowie 2020<\/a><\/h3>\t\t\t\t\t\t\t\t<\/div>\n\t\t\t\t<\/div>\n\t\t\t\t\t<\/div>\n\t\t<\/div>\n\t\t\t\t\t<\/div>\n\t\t<\/section>\n\t\t\t\t<section class=\"elementor-section elementor-top-section elementor-element elementor-element-d658540 elementor-section-boxed elementor-section-height-default elementor-section-height-default\" data-id=\"d658540\" data-element_type=\"section\">\n\t\t\t\t\t\t<div class=\"elementor-container elementor-column-gap-default\">\n\t\t\t\t\t<div class=\"elementor-column elementor-col-100 elementor-top-column elementor-element elementor-element-627be6a\" data-id=\"627be6a\" data-element_type=\"column\">\n\t\t\t<div class=\"elementor-widget-wrap elementor-element-populated\">\n\t\t\t\t\t\t<div class=\"elementor-element elementor-element-d567e4c animated-slow elementor-invisible elementor-widget elementor-widget-text-editor\" data-id=\"d567e4c\" data-element_type=\"widget\" data-settings=\"{&quot;_animation&quot;:&quot;fadeInLeft&quot;}\" data-widget_type=\"text-editor.default\">\n\t\t\t\t<div class=\"elementor-widget-container\">\n\t\t\t\t\t\t\t\t\t<h3><a href=\"https:\/\/dziewiatafala.pl\/wp-content\/uploads\/2019\/06\/STATUT-STOWARZYSZENIA-SPORTOWEGO-DZIEWI\u0104TA-FALA-2.pdf\">Statut Stowarzyszenia Sportowego Dziewi\u0105ta Fala<\/a><\/h3>\t\t\t\t\t\t\t\t<\/div>\n\t\t\t\t<\/div>\n\t\t\t\t\t<\/div>\n\t\t<\/div>\n\t\t\t\t\t<\/div>\n\t\t<\/section>\n\t\t\t\t<\/div>\n\t\t","protected":false},"excerpt":{"rendered":"<p>karta zg\u0142oszenia na ob\u00f3z Obozy w Boszkowie 2020 Statut Stowarzyszenia Sportowego Dziewi\u0105ta Fala<\/p>\n","protected":false},"author":1,"featured_media":0,"parent":0,"menu_order":0,"comment_status":"closed","ping_status":"closed","template":"elementor_header_footer","meta":{"footnotes":""},"class_list":["post-29","page","type-page","status-publish","hentry"],"_links":{"self":[{"href":"https:\/\/dziewiatafala.pl\/index.php?rest_route=\/wp\/v2\/pages\/29","targetHints":{"allow":["GET"]}}],"collection":[{"href":"https:\/\/dziewiatafala.pl\/index.php?rest_route=\/wp\/v2\/pages"}],"about":[{"href":"https:\/\/dziewiatafala.pl\/index.php?rest_route=\/wp\/v2\/types\/page"}],"author":[{"embeddable":true,"href":"https:\/\/dziewiatafala.pl\/index.php?rest_route=\/wp\/v2\/users\/1"}],"replies":[{"embeddable":true,"href":"https:\/\/dziewiatafala.pl\/index.php?rest_route=%2Fwp%2Fv2%2Fcomments&post=29"}],"version-history":[{"count":64,"href":"https:\/\/dziewiatafala.pl\/index.php?rest_route=\/wp\/v2\/pages\/29\/revisions"}],"predecessor-version":[{"id":517,"href":"https:\/\/dziewiatafala.pl\/index.php?rest_route=\/wp\/v2\/pages\/29\/revisions\/517"}],"wp:attachment":[{"href":"https:\/\/dziewiatafala.pl\/index.php?rest_route=%2Fwp%2Fv2%2Fmedia&parent=29"}],"curies":[{"name":"wp","href":"https:\/\/api.w.org\/{rel}","templated":true}]}}